{"id":19,"date":"2015-10-15T14:50:55","date_gmt":"2015-10-15T14:50:55","guid":{"rendered":"http:\/\/wpoffice\/construction\/?page_id=9"},"modified":"2023-02-17T12:50:21","modified_gmt":"2023-02-17T09:50:21","slug":"home","status":"publish","type":"page","link":"https:\/\/navro.com.tr\/","title":{"rendered":"Anasayfa"},"content":{"rendered":"<div id='full_slider_1'  class='avia-fullwidth-slider main_color avia-shadow   avia-builder-el-0  el_before_av_section  avia-builder-el-first   container_wrap sidebar_right'  ><div  class='avia-slideshow av-193cof-d59eba9fc2158b1d0422261646c6eac3 avia-slideshow-featured_large av_slideshow_full avia-fade-slider av-slideshow-ui av-control-minimal av-slideshow-autoplay av-loop-endless av-loop-manual-endless av-default-height-applied   avia-slideshow-1' data-slideshow-options=\"{&quot;animation&quot;:&quot;fade&quot;,&quot;autoplay&quot;:true,&quot;loop_autoplay&quot;:&quot;endless&quot;,&quot;interval&quot;:5,&quot;loop_manual&quot;:&quot;manual-endless&quot;,&quot;autoplay_stopper&quot;:false,&quot;noNavigation&quot;:false,&quot;bg_slider&quot;:false,&quot;keep_padding&quot;:false,&quot;hoverpause&quot;:false,&quot;show_slide_delay&quot;:0}\"  itemprop=\"image\" itemscope=\"itemscope\" itemtype=\"https:\/\/schema.org\/ImageObject\" ><ul class='avia-slideshow-inner ' style='padding-bottom: 42%;'><li  class='avia-slideshow-slide av-193cof-d59eba9fc2158b1d0422261646c6eac3__0  slide-1 slide-odd'><div data-rel='slideshow-1' class='avia-slide-wrap '   ><div class='av-slideshow-caption av-193cof-d59eba9fc2158b1d0422261646c6eac3__0 caption_fullwidth caption_right'><div class=\"container caption_container\"><div class=\"slideshow_caption\"><div class=\"slideshow_inner_caption\"><div class=\"slideshow_align_caption\"><h2 class='avia-caption-title '  itemprop=\"name\" >Navro Gayrimenkul A.\u015e.<\/h2><div class='avia-caption-content '  itemprop=\"description\" ><p>\u0130n\u015faat Projelendirme<\/p>\n<\/div><\/div><\/div><\/div><\/div><\/div><img decoding=\"async\" class=\"wp-image-325 avia-img-lazy-loading-not-325\"  src=\"https:\/\/navro.com.tr\/wp-content\/uploads\/2023\/01\/banner1-1500x630.jpg\" width=\"1500\" height=\"630\" title='banner1' alt=''  itemprop=\"thumbnailUrl\" srcset=\"https:\/\/navro.com.tr\/wp-content\/uploads\/2023\/01\/banner1.jpg 1500w, https:\/\/navro.com.tr\/wp-content\/uploads\/2023\/01\/banner1-300x126.jpg 300w, https:\/\/navro.com.tr\/wp-content\/uploads\/2023\/01\/banner1-1030x433.jpg 1030w, https:\/\/navro.com.tr\/wp-content\/uploads\/2023\/01\/banner1-768x323.jpg 768w, https:\/\/navro.com.tr\/wp-content\/uploads\/2023\/01\/banner1-705x296.jpg 705w\" sizes=\"(max-width: 1500px) 100vw, 1500px\" \/><div class='av-section-color-overlay' style='opacity: 0.2; background-color: #000000; '><\/div><\/div><\/li><li  class='avia-slideshow-slide av-193cof-d59eba9fc2158b1d0422261646c6eac3__1  slide-2 slide-even'><div data-rel='slideshow-1' class='avia-slide-wrap '   ><div class='av-slideshow-caption av-193cof-d59eba9fc2158b1d0422261646c6eac3__1 caption_fullwidth caption_left'><div class=\"container caption_container\"><div class=\"slideshow_caption\"><div class=\"slideshow_inner_caption\"><div class=\"slideshow_align_caption\"><h2 class='avia-caption-title '  itemprop=\"name\" >Navro Gayrimenkul A.\u015e.<\/h2><div class='avia-caption-content '  itemprop=\"description\" ><p>Yat\u0131r\u0131m Dan\u0131\u015fmanl\u0131\u011f\u0131 Hizmetleri<\/p>\n<\/div><\/div><\/div><\/div><\/div><\/div><img decoding=\"async\" class=\"wp-image-327 avia-img-lazy-loading-not-327\"  src=\"https:\/\/navro.com.tr\/wp-content\/uploads\/2023\/01\/banner2-1500x630.jpg\" width=\"1500\" height=\"630\" title='banner2' alt=''  itemprop=\"thumbnailUrl\" srcset=\"https:\/\/navro.com.tr\/wp-content\/uploads\/2023\/01\/banner2.jpg 1500w, https:\/\/navro.com.tr\/wp-content\/uploads\/2023\/01\/banner2-300x126.jpg 300w, https:\/\/navro.com.tr\/wp-content\/uploads\/2023\/01\/banner2-1030x433.jpg 1030w, https:\/\/navro.com.tr\/wp-content\/uploads\/2023\/01\/banner2-768x323.jpg 768w, https:\/\/navro.com.tr\/wp-content\/uploads\/2023\/01\/banner2-705x296.jpg 705w\" sizes=\"(max-width: 1500px) 100vw, 1500px\" \/><\/div><\/li><\/ul><div class='avia-slideshow-arrows avia-slideshow-controls' ><a href='#prev' class='prev-slide ' aria-hidden='true' data-av_icon='\ue87c' data-av_iconfont='entypo-fontello'  tabindex='-1'>\u00d6nceki<\/a><a href='#next' class='next-slide ' aria-hidden='true' data-av_icon='\ue87d' data-av_iconfont='entypo-fontello'  tabindex='-1'>Sonraki<\/a><\/div><div class='avia-slideshow-dots avia-slideshow-controls'><a href='#1' class='goto-slide active' >1<\/a><a href='#2' class='goto-slide ' >2<\/a><\/div><\/div><\/div>\n\n<style type=\"text\/css\" data-created_by=\"avia_inline_auto\" id=\"style-css-av-16p5ij-7747c586598e6ffcd797e614496ef495\">\n.avia-section.av-16p5ij-7747c586598e6ffcd797e614496ef495 .av-parallax .av-parallax-inner{\nbackground-color:#efbb20;\nbackground-image:url(https:\/\/navro.com.tr\/wp-content\/uploads\/2015\/10\/house-wire-model-fade-white-1500x1085.png);\nbackground-repeat:no-repeat;\nbackground-position:100% 50%;\nbackground-attachment:scroll;\n}\n<\/style>\n<div id='av_section_1'  class='avia-section av-16p5ij-7747c586598e6ffcd797e614496ef495 main_color avia-section-default avia-no-border-styling  avia-builder-el-1  el_after_av_slideshow_full  el_before_av_section  avia-full-stretch av-parallax-section avia-bg-style-parallax container_wrap sidebar_right'  data-section-bg-repeat='stretch'><div class='av-parallax' data-avia-parallax-ratio='0.3' ><div class='av-parallax-inner main_color avia-full-stretch'><\/div><\/div><div class='container av-section-cont-open' ><div class='template-page content  av-content-small alpha units'><div class='post-entry post-entry-type-page post-entry-19'><div class='entry-content-wrapper clearfix'>\n<div class='flex_column_table av-46m8j-4d503fe54bea0acf6e46254dd12a68d6 sc-av_three_fourth av-equal-height-column-flextable'>\n<style type=\"text\/css\" data-created_by=\"avia_inline_auto\" id=\"style-css-av-46m8j-4d503fe54bea0acf6e46254dd12a68d6\">\n.flex_column.av-46m8j-4d503fe54bea0acf6e46254dd12a68d6{\n-webkit-border-radius:0px 0px 0px 0px;\n-moz-border-radius:0px 0px 0px 0px;\nborder-radius:0px 0px 0px 0px;\npadding:0px 0px 0px 0px;\n}\n<\/style>\n<div class='flex_column av-46m8j-4d503fe54bea0acf6e46254dd12a68d6 av_three_fourth  avia-builder-el-2  el_before_av_one_fourth  avia-builder-el-first  first flex_column_table_cell av-equal-height-column av-align-middle av-animated-generic left-to-right av-zero-column-padding '     ><style type=\"text\/css\" data-created_by=\"avia_inline_auto\" id=\"style-css-av-15jxsn-ca4742b16dd9f6dd52c6e524236511ed\">\n#top .av-special-heading.av-15jxsn-ca4742b16dd9f6dd52c6e524236511ed{\npadding-bottom:0;\ncolor:#ffffff;\nfont-size:30px;\n}\nbody .av-special-heading.av-15jxsn-ca4742b16dd9f6dd52c6e524236511ed .av-special-heading-tag .heading-char{\nfont-size:25px;\n}\n#top #wrap_all .av-special-heading.av-15jxsn-ca4742b16dd9f6dd52c6e524236511ed .av-special-heading-tag{\nfont-size:30px;\n}\n.av-special-heading.av-15jxsn-ca4742b16dd9f6dd52c6e524236511ed .special-heading-inner-border{\nborder-color:#ffffff;\n}\n.av-special-heading.av-15jxsn-ca4742b16dd9f6dd52c6e524236511ed .av-subheading{\nfont-size:15px;\n}\n\n@media only screen and (min-width: 480px) and (max-width: 767px){ \n#top #wrap_all .av-special-heading.av-15jxsn-ca4742b16dd9f6dd52c6e524236511ed .av-special-heading-tag{\nfont-size:0.8em;\n}\n}\n\n@media only screen and (max-width: 479px){ \n#top #wrap_all .av-special-heading.av-15jxsn-ca4742b16dd9f6dd52c6e524236511ed .av-special-heading-tag{\nfont-size:0.8em;\n}\n}\n<\/style>\n<div  class='av-special-heading av-15jxsn-ca4742b16dd9f6dd52c6e524236511ed av-special-heading-h3 custom-color-heading blockquote modern-quote  avia-builder-el-3  avia-builder-el-no-sibling  av-inherit-size'><h3 class='av-special-heading-tag'  itemprop=\"headline\"  >2010den beri \u0130n\u015faat Sekt\u00f6r\u00fcnde Projelendirme Hizmeti Vermeye ve Yat\u0131r\u0131m Dan\u0131\u015fmanl\u0131\u011f\u0131 Yapmaya Devam Ediyoruz<\/h3><div class=\"special-heading-border\"><div class=\"special-heading-inner-border\"><\/div><\/div><\/div><\/div><div class='av-flex-placeholder'><\/div>\n<style type=\"text\/css\" data-created_by=\"avia_inline_auto\" id=\"style-css-av-14sc4f-9437e09eba5746c5bc5728eca9a5f922\">\n.flex_column.av-14sc4f-9437e09eba5746c5bc5728eca9a5f922{\n-webkit-border-radius:0px 0px 0px 0px;\n-moz-border-radius:0px 0px 0px 0px;\nborder-radius:0px 0px 0px 0px;\npadding:0px 0px 0px 0px;\n}\n<\/style>\n<div class='flex_column av-14sc4f-9437e09eba5746c5bc5728eca9a5f922 av_one_fourth  avia-builder-el-4  el_after_av_three_fourth  avia-builder-el-last  flex_column_table_cell av-equal-height-column av-align-middle av-animated-generic right-to-left av-zero-column-padding '     ><div  class='avia-button-wrap av-149uzz-e37d35b5516080a89e82dae9fd85bc4f-wrap avia-button-right  avia-builder-el-5  avia-builder-el-no-sibling ' ><a href='https:\/\/navro.com.tr\/index.php\/iletisim\/'  class='avia-button av-149uzz-e37d35b5516080a89e82dae9fd85bc4f avia-icon_select-yes-right-icon avia-size-large avia-position-right avia-color-light' ><span class='avia_iconbox_title' >B\u0130ZE ULA\u015eIN<\/span><span class='avia_button_icon avia_button_icon_right' aria-hidden='true' data-av_icon='\ue854' data-av_iconfont='entypo-fontello'><\/span><\/a><\/div><\/div><\/div><!--close column table wrapper. Autoclose: 1 -->\n\n<\/div><\/div><\/div><!-- close content main div --><\/div><\/div><div id='av_section_2'  class='avia-section av-3yvub-90cb6eed9426e7d10aa3273985fcc562 main_color avia-section-large avia-no-border-styling  avia-builder-el-6  el_after_av_section  avia-builder-el-last  avia-bg-style-scroll container_wrap sidebar_right'  ><div class='container av-section-cont-open' ><div class='template-page content  av-content-small alpha units'><div class='post-entry post-entry-type-page post-entry-19'><div class='entry-content-wrapper clearfix'>\n\n<style type=\"text\/css\" data-created_by=\"avia_inline_auto\" id=\"style-css-av-12vbmr-d0021549bd2d534cdc7cb3fe80ca860a\">\n#top .av-special-heading.av-12vbmr-d0021549bd2d534cdc7cb3fe80ca860a{\npadding-bottom:0;\n}\nbody .av-special-heading.av-12vbmr-d0021549bd2d534cdc7cb3fe80ca860a .av-special-heading-tag .heading-char{\nfont-size:25px;\n}\n.av-special-heading.av-12vbmr-d0021549bd2d534cdc7cb3fe80ca860a .av-subheading{\nfont-size:15px;\n}\n<\/style>\n<div  class='av-special-heading av-12vbmr-d0021549bd2d534cdc7cb3fe80ca860a av-special-heading-h2 blockquote modern-quote modern-centered  avia-builder-el-7  el_before_av_hr  avia-builder-el-first '><h2 class='av-special-heading-tag'  itemprop=\"headline\"  >H\u0130ZMETLER\u0130M\u0130Z<\/h2><div class=\"special-heading-border\"><div class=\"special-heading-inner-border\"><\/div><\/div><\/div>\n\n<style type=\"text\/css\" data-created_by=\"avia_inline_auto\" id=\"style-css-av-t0dr-d217940ab357d03fafeb875419db1ee5\">\n#top .hr.av-t0dr-d217940ab357d03fafeb875419db1ee5{\nmargin-top:5px;\nmargin-bottom:35px;\n}\n.hr.av-t0dr-d217940ab357d03fafeb875419db1ee5 .hr-inner{\nwidth:50px;\nborder-color:#efbb20;\n}\n<\/style>\n<div  class='hr av-t0dr-d217940ab357d03fafeb875419db1ee5 hr-custom  avia-builder-el-8  el_after_av_heading  el_before_av_one_third  hr-center hr-icon-no'><span class='hr-inner inner-border-av-border-fat'><span class=\"hr-inner-style\"><\/span><\/span><\/div>\n\n<style type=\"text\/css\" data-created_by=\"avia_inline_auto\" id=\"style-css-av-11qxp3-0edf690fc8c4634e0807c57db8955efa\">\n.flex_column.av-11qxp3-0edf690fc8c4634e0807c57db8955efa{\n-webkit-border-radius:0px 0px 0px 0px;\n-moz-border-radius:0px 0px 0px 0px;\nborder-radius:0px 0px 0px 0px;\npadding:0px 0px 0px 0px;\n}\n<\/style>\n<div class='flex_column av-11qxp3-0edf690fc8c4634e0807c57db8955efa av_one_third  avia-builder-el-9  el_after_av_hr  el_before_av_one_third  first flex_column_div av-animated-generic bottom-to-top av-zero-column-padding '     ><p>\n<style type=\"text\/css\" data-created_by=\"avia_inline_auto\" id=\"style-css-av-115t7b-a441b7afe2731b3a5261d391c1c1902a\">\n.avia-image-container.av-115t7b-a441b7afe2731b3a5261d391c1c1902a img.avia_image{\nbox-shadow:none;\n}\n.avia-image-container.av-115t7b-a441b7afe2731b3a5261d391c1c1902a .av-image-caption-overlay-center{\ncolor:#ffffff;\n}\n<\/style>\n<div  class='avia-image-container av-115t7b-a441b7afe2731b3a5261d391c1c1902a av-styling-no-styling avia-align-center  avia-builder-el-10  el_before_av_heading  avia-builder-el-first '   itemprop=\"image\" itemscope=\"itemscope\" itemtype=\"https:\/\/schema.org\/ImageObject\" ><div class=\"avia-image-container-inner\"><div class=\"avia-image-overlay-wrap\"><a href=\"https:\/\/navro.com.tr\/index.php\/kat-karsiligi-arsa\/\" class='avia_image' ><img decoding=\"async\" class='wp-image-394 avia-img-lazy-loading-not-394 avia_image ' src=\"https:\/\/navro.com.tr\/wp-content\/uploads\/2023\/02\/yatirim-danismnaligi.jpg\" alt='' title='yatirim-danismnaligi'  height=\"321\" width=\"845\"  itemprop=\"thumbnailUrl\" srcset=\"https:\/\/navro.com.tr\/wp-content\/uploads\/2023\/02\/yatirim-danismnaligi.jpg 845w, https:\/\/navro.com.tr\/wp-content\/uploads\/2023\/02\/yatirim-danismnaligi-300x114.jpg 300w, https:\/\/navro.com.tr\/wp-content\/uploads\/2023\/02\/yatirim-danismnaligi-768x292.jpg 768w, https:\/\/navro.com.tr\/wp-content\/uploads\/2023\/02\/yatirim-danismnaligi-705x268.jpg 705w\" sizes=\"(max-width: 845px) 100vw, 845px\" \/><\/a><\/div><\/div><\/div><br \/>\n\n<style type=\"text\/css\" data-created_by=\"avia_inline_auto\" id=\"style-css-av-10nu4v-98d28c128bd6b9811ea3cef855876f9a\">\n#top .av-special-heading.av-10nu4v-98d28c128bd6b9811ea3cef855876f9a{\npadding-bottom:0;\n}\nbody .av-special-heading.av-10nu4v-98d28c128bd6b9811ea3cef855876f9a .av-special-heading-tag .heading-char{\nfont-size:25px;\n}\n.av-special-heading.av-10nu4v-98d28c128bd6b9811ea3cef855876f9a .av-subheading{\nfont-size:15px;\n}\n<\/style>\n<div  class='av-special-heading av-10nu4v-98d28c128bd6b9811ea3cef855876f9a av-special-heading-h3 blockquote modern-quote  avia-builder-el-11  el_after_av_image  el_before_av_hr '><h3 class='av-special-heading-tag'  itemprop=\"headline\"  >Yat\u0131r\u0131m Dan\u0131\u015fmanl\u0131\u011f\u0131<\/h3><div class=\"special-heading-border\"><div class=\"special-heading-inner-border\"><\/div><\/div><\/div><br \/>\n\n<style type=\"text\/css\" data-created_by=\"avia_inline_auto\" id=\"style-css-av-zuxs3-e193bfc536e5711f3cdd1d07e0bacc80\">\n#top .hr.av-zuxs3-e193bfc536e5711f3cdd1d07e0bacc80{\nmargin-top:10px;\nmargin-bottom:10px;\n}\n.hr.av-zuxs3-e193bfc536e5711f3cdd1d07e0bacc80 .hr-inner{\nwidth:50px;\nborder-color:#efbb20;\n}\n<\/style>\n<div  class='hr av-zuxs3-e193bfc536e5711f3cdd1d07e0bacc80 hr-custom  avia-builder-el-12  el_after_av_heading  el_before_av_textblock  hr-left hr-icon-no'><span class='hr-inner inner-border-av-border-fat'><span class=\"hr-inner-style\"><\/span><\/span><\/div><br \/>\n<section  class='av_textblock_section av-zl6gv-27c385a0fa2cc4bb6920b89864ba5a93'  itemscope=\"itemscope\" itemtype=\"https:\/\/schema.org\/CreativeWork\" ><div class='avia_textblock'  itemprop=\"text\" ><p>Her ge\u00e7en g\u00fcn b\u00fcy\u00fcyen a\u011f\u0131m\u0131z ile birlikte yat\u0131r\u0131m dan\u0131\u015fmanl\u0131\u011f\u0131 hizmeti vermeye ve en do\u011fru gayrimenkul yat\u0131r\u0131m kararlar\u0131 alman\u0131za yard\u0131mc\u0131 oluyoruz.<\/p>\n<\/div><\/section><\/p><\/div>\n<style type=\"text\/css\" data-created_by=\"avia_inline_auto\" id=\"style-css-av-yrtln-c519d03d456e6070f22f20772fb25635\">\n.flex_column.av-yrtln-c519d03d456e6070f22f20772fb25635{\n-webkit-border-radius:0px 0px 0px 0px;\n-moz-border-radius:0px 0px 0px 0px;\nborder-radius:0px 0px 0px 0px;\npadding:0px 0px 0px 0px;\n}\n<\/style>\n<div class='flex_column av-yrtln-c519d03d456e6070f22f20772fb25635 av_one_third  avia-builder-el-14  el_after_av_one_third  el_before_av_one_third  flex_column_div av-animated-generic bottom-to-top av-zero-column-padding '     ><p>\n<style type=\"text\/css\" data-created_by=\"avia_inline_auto\" id=\"style-css-av-y7xbj-6a6b9146d806edc16133029a8a245495\">\n.avia-image-container.av-y7xbj-6a6b9146d806edc16133029a8a245495 img.avia_image{\nbox-shadow:none;\n}\n.avia-image-container.av-y7xbj-6a6b9146d806edc16133029a8a245495 .av-image-caption-overlay-center{\ncolor:#ffffff;\n}\n<\/style>\n<div  class='avia-image-container av-y7xbj-6a6b9146d806edc16133029a8a245495 av-styling-no-styling avia-align-center  avia-builder-el-15  el_before_av_heading  avia-builder-el-first '   itemprop=\"image\" itemscope=\"itemscope\" itemtype=\"https:\/\/schema.org\/ImageObject\" ><div class=\"avia-image-container-inner\"><div class=\"avia-image-overlay-wrap\"><a href=\"https:\/\/navro.com.tr\/index.php\/konut-satisi\/\" class='avia_image' ><img decoding=\"async\" class='wp-image-392 avia-img-lazy-loading-not-392 avia_image ' src=\"https:\/\/navro.com.tr\/wp-content\/uploads\/2023\/02\/navro1.jpg\" alt='' title='navro1'  height=\"321\" width=\"845\"  itemprop=\"thumbnailUrl\" srcset=\"https:\/\/navro.com.tr\/wp-content\/uploads\/2023\/02\/navro1.jpg 845w, https:\/\/navro.com.tr\/wp-content\/uploads\/2023\/02\/navro1-300x114.jpg 300w, https:\/\/navro.com.tr\/wp-content\/uploads\/2023\/02\/navro1-768x292.jpg 768w, https:\/\/navro.com.tr\/wp-content\/uploads\/2023\/02\/navro1-705x268.jpg 705w\" sizes=\"(max-width: 845px) 100vw, 845px\" \/><\/a><\/div><\/div><\/div><br \/>\n\n<style type=\"text\/css\" data-created_by=\"avia_inline_auto\" id=\"style-css-av-xia8z-e57d82a4beb5ac3b217e55bd20392824\">\n#top .av-special-heading.av-xia8z-e57d82a4beb5ac3b217e55bd20392824{\npadding-bottom:0;\n}\nbody .av-special-heading.av-xia8z-e57d82a4beb5ac3b217e55bd20392824 .av-special-heading-tag .heading-char{\nfont-size:25px;\n}\n.av-special-heading.av-xia8z-e57d82a4beb5ac3b217e55bd20392824 .av-subheading{\nfont-size:15px;\n}\n<\/style>\n<div  class='av-special-heading av-xia8z-e57d82a4beb5ac3b217e55bd20392824 av-special-heading-h3 blockquote modern-quote  avia-builder-el-16  el_after_av_image  el_before_av_hr '><h3 class='av-special-heading-tag'  itemprop=\"headline\"  >Gayrimenkul Al\u0131m Sat\u0131m<\/h3><div class=\"special-heading-border\"><div class=\"special-heading-inner-border\"><\/div><\/div><\/div><br \/>\n\n<style type=\"text\/css\" data-created_by=\"avia_inline_auto\" id=\"style-css-av-x6cjj-6bcb1d35a3b35ad23825affb3d6134a0\">\n#top .hr.av-x6cjj-6bcb1d35a3b35ad23825affb3d6134a0{\nmargin-top:10px;\nmargin-bottom:10px;\n}\n.hr.av-x6cjj-6bcb1d35a3b35ad23825affb3d6134a0 .hr-inner{\nwidth:50px;\nborder-color:#efbb20;\n}\n<\/style>\n<div  class='hr av-x6cjj-6bcb1d35a3b35ad23825affb3d6134a0 hr-custom  avia-builder-el-17  el_after_av_heading  el_before_av_textblock  hr-left hr-icon-no'><span class='hr-inner inner-border-av-border-fat'><span class=\"hr-inner-style\"><\/span><\/span><\/div><br \/>\n<section  class='av_textblock_section av-w8bjj-e28f831b1c436b99f860290580317721'  itemscope=\"itemscope\" itemtype=\"https:\/\/schema.org\/CreativeWork\" ><div class='avia_textblock'  itemprop=\"text\" ><p>Navro Gayrimenkul olarak Arsa , arazi , konut , i\u015fyeri ve benzeri t\u00fcm gayrimenkul al\u0131m sat\u0131m de\u011ferlendirmelerinde sizlere yard\u0131mc\u0131 oluyoruz<\/p>\n<\/div><\/section><\/p><\/div>\n<style type=\"text\/css\" data-created_by=\"avia_inline_auto\" id=\"style-css-av-w4saz-c6f561d9b52d7de0c9ba4312517fc82c\">\n.flex_column.av-w4saz-c6f561d9b52d7de0c9ba4312517fc82c{\n-webkit-border-radius:0px 0px 0px 0px;\n-moz-border-radius:0px 0px 0px 0px;\nborder-radius:0px 0px 0px 0px;\npadding:0px 0px 0px 0px;\n}\n<\/style>\n<div class='flex_column av-w4saz-c6f561d9b52d7de0c9ba4312517fc82c av_one_third  avia-builder-el-19  el_after_av_one_third  avia-builder-el-last  flex_column_div av-animated-generic bottom-to-top av-zero-column-padding '     ><p>\n<style type=\"text\/css\" data-created_by=\"avia_inline_auto\" id=\"style-css-av-v8mwb-cb0141236a4e3821b048488af7dee98c\">\n.avia-image-container.av-v8mwb-cb0141236a4e3821b048488af7dee98c img.avia_image{\nbox-shadow:none;\n}\n.avia-image-container.av-v8mwb-cb0141236a4e3821b048488af7dee98c .av-image-caption-overlay-center{\ncolor:#ffffff;\n}\n<\/style>\n<div  class='avia-image-container av-v8mwb-cb0141236a4e3821b048488af7dee98c av-styling-no-styling avia-align-center  avia-builder-el-20  el_before_av_heading  avia-builder-el-first '   itemprop=\"image\" itemscope=\"itemscope\" itemtype=\"https:\/\/schema.org\/ImageObject\" ><div class=\"avia-image-container-inner\"><div class=\"avia-image-overlay-wrap\"><a href=\"https:\/\/navro.com.tr\/index.php\/kentsel-donusum\/\" class='avia_image' ><img decoding=\"async\" class='wp-image-81 avia-img-lazy-loading-not-81 avia_image ' src=\"https:\/\/navro.com.tr\/wp-content\/uploads\/2015\/10\/cropped-hand-of-a-carpenter-845x321.jpg\" alt='' title='Cropped hand of a carpenter'  height=\"321\" width=\"845\"  itemprop=\"thumbnailUrl\"  \/><\/a><\/div><\/div><\/div><br \/>\n\n<style type=\"text\/css\" data-created_by=\"avia_inline_auto\" id=\"style-css-av-ut7cb-54b8097e2cf78189c9cae203be59f2c0\">\n#top .av-special-heading.av-ut7cb-54b8097e2cf78189c9cae203be59f2c0{\npadding-bottom:0;\n}\nbody .av-special-heading.av-ut7cb-54b8097e2cf78189c9cae203be59f2c0 .av-special-heading-tag .heading-char{\nfont-size:25px;\n}\n.av-special-heading.av-ut7cb-54b8097e2cf78189c9cae203be59f2c0 .av-subheading{\nfont-size:15px;\n}\n<\/style>\n<div  class='av-special-heading av-ut7cb-54b8097e2cf78189c9cae203be59f2c0 av-special-heading-h3 blockquote modern-quote  avia-builder-el-21  el_after_av_image  el_before_av_hr '><h3 class='av-special-heading-tag'  itemprop=\"headline\"  >\u0130n\u015faat Projelendirme<\/h3><div class=\"special-heading-border\"><div class=\"special-heading-inner-border\"><\/div><\/div><\/div><br \/>\n\n<style type=\"text\/css\" data-created_by=\"avia_inline_auto\" id=\"style-css-av-u59x7-49b335737ba1eaf7dced4c3ddd288d4c\">\n#top .hr.av-u59x7-49b335737ba1eaf7dced4c3ddd288d4c{\nmargin-top:10px;\nmargin-bottom:10px;\n}\n.hr.av-u59x7-49b335737ba1eaf7dced4c3ddd288d4c .hr-inner{\nwidth:50px;\nborder-color:#efbb20;\n}\n<\/style>\n<div  class='hr av-u59x7-49b335737ba1eaf7dced4c3ddd288d4c hr-custom  avia-builder-el-22  el_after_av_heading  el_before_av_textblock  hr-left hr-icon-no'><span class='hr-inner inner-border-av-border-fat'><span class=\"hr-inner-style\"><\/span><\/span><\/div><br \/>\n<section  class='av_textblock_section av-toop7-3df2eff5da8246b28e086cbac8c3336a'  itemscope=\"itemscope\" itemtype=\"https:\/\/schema.org\/CreativeWork\" ><div class='avia_textblock'  itemprop=\"text\" ><p>Navro Gayrimenkul olarak \u0130n\u015faat projelendirme mimari \u00e7izimler, m\u00fchendislik faaliyetleri\u00a0 ve kat kar\u015f\u0131l\u0131\u011f\u0131 projelendirme yap\u0131yoruz.<\/p>\n<\/div><\/section><\/p><\/div>\n<\/div><\/div><\/div><!-- close content main div --><\/div><\/div><div id='after_section_2'  class='main_color av_default_container_wrap container_wrap sidebar_right'  ><div class='container av-section-cont-open' ><div class='template-page content  av-content-small alpha units'><div class='post-entry post-entry-type-page post-entry-19'><div class='entry-content-wrapper clearfix'>\n","protected":false},"excerpt":{"rendered":"","protected":false},"author":1,"featured_media":0,"parent":0,"menu_order":0,"comment_status":"closed","ping_status":"closed","template":"","meta":{"footnotes":""},"class_list":["post-19","page","type-page","status-publish","hentry"],"_links":{"self":[{"href":"https:\/\/navro.com.tr\/index.php\/wp-json\/wp\/v2\/pages\/19","targetHints":{"allow":["GET"]}}],"collection":[{"href":"https:\/\/navro.com.tr\/index.php\/wp-json\/wp\/v2\/pages"}],"about":[{"href":"https:\/\/navro.com.tr\/index.php\/wp-json\/wp\/v2\/types\/page"}],"author":[{"embeddable":true,"href":"https:\/\/navro.com.tr\/index.php\/wp-json\/wp\/v2\/users\/1"}],"replies":[{"embeddable":true,"href":"https:\/\/navro.com.tr\/index.php\/wp-json\/wp\/v2\/comments?post=19"}],"version-history":[{"count":37,"href":"https:\/\/navro.com.tr\/index.php\/wp-json\/wp\/v2\/pages\/19\/revisions"}],"predecessor-version":[{"id":409,"href":"https:\/\/navro.com.tr\/index.php\/wp-json\/wp\/v2\/pages\/19\/revisions\/409"}],"wp:attachment":[{"href":"https:\/\/navro.com.tr\/index.php\/wp-json\/wp\/v2\/media?parent=19"}],"curies":[{"name":"wp","href":"https:\/\/api.w.org\/{rel}","templated":true}]}}