{"id":252,"date":"2023-01-31T13:57:14","date_gmt":"2023-01-31T10:57:14","guid":{"rendered":"https:\/\/navro.com.tr\/demo\/?page_id=252"},"modified":"2023-02-17T12:49:08","modified_gmt":"2023-02-17T09:49:08","slug":"hakkimizda","status":"publish","type":"page","link":"https:\/\/navro.com.tr\/index.php\/hakkimizda\/","title":{"rendered":"Hakk\u0131m\u0131zda"},"content":{"rendered":"<div class='flex_column av-1coic-e8ab2aba4638841fa474958aad5da05b av_one_third  avia-builder-el-0  el_before_av_two_third  avia-builder-el-first  first flex_column_div '     ><style type=\"text\/css\" data-created_by=\"avia_inline_auto\" id=\"style-css-av-ldke01i9-8eae60f1c310c8462c4183ad8bf2d658\">\n.avia-image-container.av-ldke01i9-8eae60f1c310c8462c4183ad8bf2d658 img.avia_image{\nbox-shadow:none;\n}\n.avia-image-container.av-ldke01i9-8eae60f1c310c8462c4183ad8bf2d658 .av-image-caption-overlay-center{\ncolor:#ffffff;\n}\n<\/style>\n<div  class='avia-image-container av-ldke01i9-8eae60f1c310c8462c4183ad8bf2d658 av-styling- avia-align-center  avia-builder-el-1  avia-builder-el-no-sibling '   itemprop=\"image\" itemscope=\"itemscope\" itemtype=\"https:\/\/schema.org\/ImageObject\" ><div class=\"avia-image-container-inner\"><div class=\"avia-image-overlay-wrap\"><img decoding=\"async\" class='wp-image-333 avia-img-lazy-loading-not-333 avia_image ' src=\"https:\/\/navro.com.tr\/wp-content\/uploads\/2023\/01\/hakkimizda.jpg\" alt='' title='hakkimizda'  height=\"370\" width=\"348\"  itemprop=\"thumbnailUrl\" srcset=\"https:\/\/navro.com.tr\/wp-content\/uploads\/2023\/01\/hakkimizda.jpg 348w, https:\/\/navro.com.tr\/wp-content\/uploads\/2023\/01\/hakkimizda-282x300.jpg 282w\" sizes=\"(max-width: 348px) 100vw, 348px\" \/><\/div><\/div><\/div><\/div>\n<div class='flex_column av-6k3f8-fa5bb5814859a9a02121d378d948e62b av_two_third  avia-builder-el-2  el_after_av_one_third  avia-builder-el-last  flex_column_div '     ><section  class='av_textblock_section av-ldkdyhxx-140738ee50a435f5e2b6333c66e0ee6f'  itemscope=\"itemscope\" itemtype=\"https:\/\/schema.org\/CreativeWork\" ><div class='avia_textblock'  itemprop=\"text\" ><h3>Hakk\u0131m\u0131zda<\/h3>\n<div class=\"flex_column av-46m8j-4d503fe54bea0acf6e46254dd12a68d6 av_three_fourth avia-builder-el-2 el_before_av_one_fourth avia-builder-el-first first flex_column_table_cell av-equal-height-column av-align-middle av-animated-generic left-to-right av-zero-column-padding avia_start_animation avia_start_delayed_animation\">\n<div class=\"av-special-heading av-15jxsn-ca4742b16dd9f6dd52c6e524236511ed av-special-heading-h3 custom-color-heading blockquote modern-quote  avia-builder-el-3  avia-builder-el-no-sibling  av-inherit-size\">\n<p class=\"av-special-heading-tag\">2010den beri \u0130n\u015faat Sekt\u00f6r\u00fcnde Projelendirme Hizmeti Vermeye ve Yat\u0131r\u0131m Dan\u0131\u015fmanl\u0131\u011f\u0131 Yapmaya Devam Ediyoruz<\/p>\n<\/div>\n<\/div>\n<div class=\"av-special-heading av-10nu4v-98d28c128bd6b9811ea3cef855876f9a av-special-heading-h3 blockquote modern-quote  avia-builder-el-11  el_after_av_image  el_before_av_hr \">\n<h3 class=\"av-special-heading-tag\">Yat\u0131r\u0131m Dan\u0131\u015fmanl\u0131\u011f\u0131<\/h3>\n<\/div>\n<section class=\"av_textblock_section av-zl6gv-27c385a0fa2cc4bb6920b89864ba5a93\">\n<div class=\"avia_textblock\">\n<p>Her ge\u00e7en g\u00fcn b\u00fcy\u00fcyen a\u011f\u0131m\u0131z ile birlikte yat\u0131r\u0131m dan\u0131\u015fmanl\u0131\u011f\u0131 hizmeti vermeye ve en do\u011fru gayrimenkul yat\u0131r\u0131m kararlar\u0131 alman\u0131za yard\u0131mc\u0131 oluyoruz.<\/p>\n<div class=\"av-special-heading av-xia8z-e57d82a4beb5ac3b217e55bd20392824 av-special-heading-h3 blockquote modern-quote  avia-builder-el-16  el_after_av_image  el_before_av_hr \">\n<h3 class=\"av-special-heading-tag\">Gayrimenkul Al\u0131m Sat\u0131m<\/h3>\n<\/div>\n<section class=\"av_textblock_section av-w8bjj-e28f831b1c436b99f860290580317721\">\n<div class=\"avia_textblock\">\n<p>Navro Gayrimenkul olarak Arsa , arazi , konut , i\u015fyeri ve benzeri t\u00fcm gayrimenkul al\u0131m sat\u0131m de\u011ferlendirmelerinde sizlere yard\u0131mc\u0131 oluyoruz<\/p>\n<div class=\"av-special-heading av-ut7cb-54b8097e2cf78189c9cae203be59f2c0 av-special-heading-h3 blockquote modern-quote  avia-builder-el-21  el_after_av_image  el_before_av_hr \">\n<h3 class=\"av-special-heading-tag\">\u0130n\u015faat Projelendirme<\/h3>\n<\/div>\n<section class=\"av_textblock_section av-toop7-3df2eff5da8246b28e086cbac8c3336a\">\n<div class=\"avia_textblock\">\n<p>Navro Gayrimenkul olarak \u0130n\u015faat projelendirme mimari \u00e7izimler, m\u00fchendislik faaliyetleri\u00a0 ve kat kar\u015f\u0131l\u0131\u011f\u0131 projelendirme yap\u0131yoruz.<\/p>\n<\/div>\n<\/section>\n<\/div>\n<\/section>\n<\/div>\n<\/section>\n<\/div><\/section><\/div>\n","protected":false},"excerpt":{"rendered":"","protected":false},"author":1,"featured_media":0,"parent":0,"menu_order":0,"comment_status":"closed","ping_status":"closed","template":"","meta":{"footnotes":""},"class_list":["post-252","page","type-page","status-publish","hentry"],"_links":{"self":[{"href":"https:\/\/navro.com.tr\/index.php\/wp-json\/wp\/v2\/pages\/252","targetHints":{"allow":["GET"]}}],"collection":[{"href":"https:\/\/navro.com.tr\/index.php\/wp-json\/wp\/v2\/pages"}],"about":[{"href":"https:\/\/navro.com.tr\/index.php\/wp-json\/wp\/v2\/types\/page"}],"author":[{"embeddable":true,"href":"https:\/\/navro.com.tr\/index.php\/wp-json\/wp\/v2\/users\/1"}],"replies":[{"embeddable":true,"href":"https:\/\/navro.com.tr\/index.php\/wp-json\/wp\/v2\/comments?post=252"}],"version-history":[{"count":5,"href":"https:\/\/navro.com.tr\/index.php\/wp-json\/wp\/v2\/pages\/252\/revisions"}],"predecessor-version":[{"id":408,"href":"https:\/\/navro.com.tr\/index.php\/wp-json\/wp\/v2\/pages\/252\/revisions\/408"}],"wp:attachment":[{"href":"https:\/\/navro.com.tr\/index.php\/wp-json\/wp\/v2\/media?parent=252"}],"curies":[{"name":"wp","href":"https:\/\/api.w.org\/{rel}","templated":true}]}}