{"id":264,"date":"2023-01-31T14:06:43","date_gmt":"2023-01-31T11:06:43","guid":{"rendered":"https:\/\/navro.com.tr\/demo\/?page_id=264"},"modified":"2023-02-17T11:45:02","modified_gmt":"2023-02-17T08:45:02","slug":"iletisim","status":"publish","type":"page","link":"https:\/\/navro.com.tr\/index.php\/iletisim\/","title":{"rendered":"\u0130leti\u015fim"},"content":{"rendered":"<div class='flex_column av-fkxvk-1931d08131736a3cb744ecd260571f35 av_one_half  avia-builder-el-0  el_before_av_one_half  avia-builder-el-first  first flex_column_div '     ><\/div><div class='flex_column av-81c3k-152050d00618e98fb63623e0427d21d8 av_one_half  avia-builder-el-2  el_after_av_one_half  avia-builder-el-last  flex_column_div '     ><p>\n<style type=\"text\/css\" data-created_by=\"avia_inline_auto\" id=\"style-css-av-ldlf8rwi-9d72b3fc72eb33d0e5f362a2dd182034\">\n#top .av-special-heading.av-ldlf8rwi-9d72b3fc72eb33d0e5f362a2dd182034{\npadding-bottom:10px;\n}\nbody .av-special-heading.av-ldlf8rwi-9d72b3fc72eb33d0e5f362a2dd182034 .av-special-heading-tag .heading-char{\nfont-size:25px;\n}\n.av-special-heading.av-ldlf8rwi-9d72b3fc72eb33d0e5f362a2dd182034 .av-subheading{\nfont-size:15px;\n}\n<\/style>\n<div  class='av-special-heading av-ldlf8rwi-9d72b3fc72eb33d0e5f362a2dd182034 av-special-heading-h2 blockquote elegant-quote elegant-centered  avia-builder-el-3  el_before_av_codeblock  avia-builder-el-first '><h2 class='av-special-heading-tag'  itemprop=\"headline\"  ><span class=\"heading-wrap\">Navro Gayrimenkul<\/span><\/h2><div class=\"special-heading-border\"><div class=\"special-heading-inner-border\"><\/div><\/div><\/div><br \/>\n<br \/>\n<section  class='av_textblock_section av-ldlf86vq-cf7193b5405eef06566c5695841da107'  itemscope=\"itemscope\" itemtype=\"https:\/\/schema.org\/CreativeWork\" ><div class='avia_textblock'  itemprop=\"text\" ><h3>Bize Ula\u015f\u0131n<\/h3>\n<p>Maltepe Mah. Mithatpa\u015fa Cad. No:231\/1 G\u00fczelbah\u00e7e \u0130ZM\u0130R<\/p>\n<p>+90 232 234 50 40<br \/>\n+90 532 266 38 19<br \/>\ninfo@navro.com.tr<\/p>\n<\/div><\/section><\/p><\/div><\/p>\n","protected":false},"excerpt":{"rendered":"","protected":false},"author":1,"featured_media":0,"parent":0,"menu_order":0,"comment_status":"closed","ping_status":"closed","template":"","meta":{"footnotes":""},"class_list":["post-264","page","type-page","status-publish","hentry"],"_links":{"self":[{"href":"https:\/\/navro.com.tr\/index.php\/wp-json\/wp\/v2\/pages\/264","targetHints":{"allow":["GET"]}}],"collection":[{"href":"https:\/\/navro.com.tr\/index.php\/wp-json\/wp\/v2\/pages"}],"about":[{"href":"https:\/\/navro.com.tr\/index.php\/wp-json\/wp\/v2\/types\/page"}],"author":[{"embeddable":true,"href":"https:\/\/navro.com.tr\/index.php\/wp-json\/wp\/v2\/users\/1"}],"replies":[{"embeddable":true,"href":"https:\/\/navro.com.tr\/index.php\/wp-json\/wp\/v2\/comments?post=264"}],"version-history":[{"count":9,"href":"https:\/\/navro.com.tr\/index.php\/wp-json\/wp\/v2\/pages\/264\/revisions"}],"predecessor-version":[{"id":382,"href":"https:\/\/navro.com.tr\/index.php\/wp-json\/wp\/v2\/pages\/264\/revisions\/382"}],"wp:attachment":[{"href":"https:\/\/navro.com.tr\/index.php\/wp-json\/wp\/v2\/media?parent=264"}],"curies":[{"name":"wp","href":"https:\/\/api.w.org\/{rel}","templated":true}]}}